{"id":476,"date":"2015-03-12T14:15:33","date_gmt":"2015-03-12T13:15:33","guid":{"rendered":"https:\/\/www.gabiltza.org\/?page_id=476"},"modified":"2015-03-12T14:15:33","modified_gmt":"2015-03-12T13:15:33","slug":"lege-oharra","status":"publish","type":"page","link":"https:\/\/www.gabiltza.org\/eu\/lege-oharra\/","title":{"rendered":"Lege oharra"},"content":{"rendered":"<h2 style=\"text-align: center;\">CONDICIONES DE USO<\/h2>\n<p>En cumplimiento de la Ley 34\/2002, de 11 de julio, de Servicios de la Sociedad de la Informaci\u00f3n y de Comercio Electr\u00f3nico (LSSI-CE), Gabiltza Gipuzkoako Artisau Biltzarra informa que es titular del sitio web <a href=\"https:\/\/www.gabiltza.org\">www.gabiltza.org<\/a> . De acuerdo con la exigencia del art\u00edculo 10 de la citada Ley, Gabiltza Gipuzkoako Artisau Biltzarra informa de los siguientes datos: El titular de este sitio web es Gabiltza Gipuzkoako Artisau Biltzarra , con CIF G20565750 y domicilio social en Avenida Tolosa, 79 &#8211; 6\u00ba C. Apdo. 984, inscrita en el Registro Mercantil. La direcci\u00f3n de correo electr\u00f3nico de contacto con la empresa es: <a href=\"&#109;&#x61;&#x69;l&#116;&#x6f;&#x3a;i&#110;&#x66;o&#114;&#x40;&#x67;a&#98;&#x69;l&#116;&#x7a;&#x61;&#46;&#111;&#x72;&#x67;\">i&#110;&#x66;&#x6f;&#x72;&#64;&#103;&#x61;&#x62;&#x69;l&#116;&#x7a;&#x61;&#x2e;o&#114;&#x67;<\/a><\/p>\n<h3>USUARIO Y R\u00c9GIMEN DE RESPONSABILIDADES<\/h3>\n<p>La navegaci\u00f3n, acceso y uso por el sitio web de Gabiltza Gipuzkoako Artisau Biltzarra confiere la condici\u00f3n de usuario, por la que se aceptan, desde la navegaci\u00f3n por el sitio web de Gabiltza Gipuzkoako Artisau Biltzarra, todas las condiciones de uso aqu\u00ed establecidas sin perjuicio de la aplicaci\u00f3n de la correspondiente normativa de obligado cumplimiento legal seg\u00fan el caso. El sitio web de Gabiltza Gipuzkoako Artisau Biltzarra proporciona gran diversidad de informaci\u00f3n, servicios y datos. El usuario asume su responsabilidad en el uso correcto del sitio web. Esta responsabilidad se extender\u00e1 a:<\/p>\n<ul>\n<li>La veracidad y licitud de las informaciones aportadas por el usuario en los formularios extendidos por Gabiltza Gipuzkoako Artisau Biltzarra para el acceso a ciertos contenidos o servicios ofrecidos por el web.<\/li>\n<li>El uso de la informaci\u00f3n, servicios y datos ofrecidos por Gabiltza Gipuzkoako Artisau Biltzarra contrariamente a lo dispuesto por las presentes condiciones, la Ley, la moral, las buenas costumbres o el orden p\u00fablico, o que de cualquier otro modo puedan suponer lesi\u00f3n de los derechos de terceros o del mismo funcionamiento del sitio web.<\/li>\n<\/ul>\n<h3>POL\u00cdTICA DE ENLACES Y EXENCIONES DE RESPONSABILIDAD<\/h3>\n<p>Gabiltza Gipuzkoako Artisau Biltzarra no se hace responsable del contenido de los sitios web a los que el usuario pueda acceder a trav\u00e9s de los enlaces establecidos en su sitio web y declara que en ning\u00fan caso proceder\u00e1 a examinar o ejercitar ning\u00fan tipo de control sobre el contenido de otros sitios de la red. As\u00ed mismo, tampoco garantizar\u00e1 la disponibilidad t\u00e9cnica, exactitud, veracidad, validez o legalidad de sitios ajenos a su propiedad a los que se pueda acceder por medio de los enlaces. Gabiltza Gipuzkoako Artisau Biltzarra declara haber adoptado todas las medidas necesarias para evitar cualquier da\u00f1o a los usuarios de su sitio web, que pudieran derivarse de la navegaci\u00f3n por su sitio web. En consecuencia, Gabiltza Gipuzkoako Artisau Biltzarra no se hace responsable, en ning\u00fan caso, de los eventuales da\u00f1os que por la navegaci\u00f3n por Internet pudiera sufrir el usuario.<\/p>\n<h3>MODIFICACIONES<\/h3>\n<p>Gabiltza Gipuzkoako Artisau Biltzarra se reserva el derecho a realizar las modificaciones que considere oportunas, sin aviso previo, en el contenido de su sitio web. Tanto en lo referente a los contenidos del sitio web, como en las condiciones de uso del mismo. Dichas modificaciones podr\u00e1n realizarse a trav\u00e9s de su sitio web por cualquier forma admisible en derecho y ser\u00e1n de obligado cumplimiento durante el tiempo en que se encuentren publicadas en la web y hasta que no sean modificadas v\u00e1lidamente por otras posteriores.<\/p>\n<h3>PROPIEDAD INTELECTUAL E INDUSTRIAL<\/h3>\n<p>Gabiltza Gipuzkoako Artisau Biltzarra por s\u00ed misma o como cesionaria, es titular de todos los derechos de propiedad intelectual e industrial de su p\u00e1gina web, as\u00ed como de los elementos contenidos en la misma (a t\u00edtulo enunciativo, im\u00e1genes, sonido, audio, v\u00eddeo, software o textos; marcas o logotipos, combinaciones de colores, estructura y dise\u00f1o, selecci\u00f3n de materiales usados, programas de ordenador necesarios para su funcionamiento, acceso y uso, etc.), titularidad de Gabiltza Gipuzkoako Artisau Biltzarra. Ser\u00e1n, por consiguiente, obras protegidas como propiedad intelectual por el ordenamiento jur\u00eddico espa\u00f1ol, si\u00e9ndoles aplicables tanto la normativa espa\u00f1ola y comunitaria en este campo, como los tratados internacionales relativos a la materia y suscritos por Espa\u00f1a. Todos los derechos reservados. En virtud de lo dispuesto en los art\u00edculos 8 y 32.1, p\u00e1rrafo segundo, de la Ley de Propiedad Intelectual, quedan expresamente prohibidas la reproducci\u00f3n, la distribuci\u00f3n y la comunicaci\u00f3n p\u00fablica, incluida su modalidad de puesta a disposici\u00f3n, de la totalidad o parte de los contenidos de esta p\u00e1gina web, con fines comerciales, en cualquier soporte y por cualquier medio t\u00e9cnico, sin la autorizaci\u00f3n de Gabiltza Gipuzkoako Artisau Biltzarra. El usuario se compromete a respetar los derechos de Propiedad Intelectual e Industrial titularidad de Gabiltza Gipuzkoako Artisau Biltzarra. Podr\u00e1 visualizar los elementos del portal e incluso imprimirlos, copiarlos y almacenarlos en el disco duro de su ordenador o en cualquier otro soporte f\u00edsico siempre y cuando sea, \u00fanica y exclusivamente, para su uso personal y privado. El usuario deber\u00e1 abstenerse de suprimir, alterar, eludir o manipular cualquier dispositivo de protecci\u00f3n o sistema de seguridad que estuviera instalado en las p\u00e1ginas de Gabiltza Gipuzkoako Artisau Biltzarra.<\/p>\n<h3>ACCIONES LEGALES, LEGISLACI\u00d3N APLICABLE Y JURISDICCI\u00d3N<\/h3>\n<p>Gabiltza Gipuzkoako Artisau Biltzarra se reserva, as\u00ed mismo, la facultad de presentar las acciones civiles o penales que considere oportunas por la utilizaci\u00f3n indebida de su sitio web y contenidos, o por el incumplimiento de las presentes condiciones. La relaci\u00f3n entre el usuario y el prestador se regir\u00e1 por la normativa vigente y de aplicaci\u00f3n en el territorio espa\u00f1ol. De surgir cualquier controversia las partes podr\u00e1n someter sus conflictos a arbitraje o acudir a la jurisdicci\u00f3n ordinaria cumpliendo con las normas sobre jurisdicci\u00f3n y competencia al respecto. Gabiltza Gipuzkoako Artisau Biltzarra tiene su domicilio en Gipuzkoa, Espa\u00f1a.<\/p>\n<h3>POL\u00cdTICA DE PRIVACIDAD<\/h3>\n<p>De acuerdo con lo establecido por la Ley Org\u00e1nica 15\/1999, le informamos que los datos obtenidos de este formulario ser\u00e1n incorporados a un fichero automatizado bajo la responsabilidad de Gabiltza Gipuzkoako Artisau Biltzarra con la finalidad de atender sus consultas y remitirle informaci\u00f3n relacionada que pueda ser de su inter\u00e9s. Puede ejercer sus derechos de acceso, rectificaci\u00f3n, cancelaci\u00f3n y oposici\u00f3n mediante un escrito a nuestra direcci\u00f3n Avenida Tolosa, 79 &#8211; 6\u00ba C. Apdo. 984. Mientras no nos comunique lo contrario, entenderemos que sus datos no han sido modificados, que usted se compromete a notificarnos cualquier variaci\u00f3n y que tenemos su consentimiento para utilizarlos para las finalidades mencionadas. El env\u00edo de estos datos mediante formulario implica la aceptaci\u00f3n de esta cl\u00e1usula.<\/p>\n<h3>CESI\u00d3N DE DATOS A OTRAS EMPRESAS<\/h3>\n<p>Si para proporcionarle la informaci\u00f3n, productos o servicios que usted nos requiera tuvi\u00e9ramos que recurrir a otras empresas (Correos o una empresa de mensajer\u00eda o transportes, por ejemplo), s\u00f3lo se les proporcionar\u00e1 la informaci\u00f3n estrictamente imprescindible para que realicen su cometido y se les proh\u00edbe utilizar esa informaci\u00f3n con ninguna otra finalidad.<\/p>\n<h3>IDENTIFICACI\u00d3N DEL ORDENADOR. COOKIES.<\/h3>\n<p>Para que el sitio web funcione \u00f3ptimamente, a veces es necesario obtener diversa informaci\u00f3n del ordenador que accede a ella o identificarlo. Por ejemplo, para poder contabilizar las visitas que recibe el sitio, para saber qu\u00e9 tipo de navegador utiliza cada usuario o para evitar que el usuario tenga que seleccionar el idioma en el que desea que se le muestre la web cada vez que accede a ella. En ning\u00fan caso esa identificaci\u00f3n nos proporciona informaci\u00f3n personal sobre usted o nos permite conocer el contenido de su ordenador. Para la identificaci\u00f3n mencionada, habitualmente se utilizan unos ficheros de texto llamados &#8220;cookies&#8221; que se almacenan temporalmente en su ordenador. Son absolutamente inocuos y tienen un tama\u00f1o muy peque\u00f1o. El sitio web consulta las &#8220;cookies&#8221; autom\u00e1ticamente cuando usted accede a \u00e9l, y gracias a ello puede mostrarle el contenido en el idioma que seleccion\u00f3 anteriormente, ofrecerle contenidos espec\u00edficos en funci\u00f3n de elecciones anteriores, permitirle el acceso a zonas reservadas o almacenar los productos que usted ha seleccionado en caso de que exista un sistema de compra con &#8220;carrito&#8221; o &#8220;cesta&#8221;, entre otras muchas funciones posibles. Usted puede configurar su navegador de Internet para que no acepte cookies, pero en ese caso es posible que no pueda utilizar todas las funcionalidades que le ofrece el sitio web.<\/p>\n<h3>ACTUALIZACI\u00d3N DE ESTA DECLARACI\u00d3N<\/h3>\n<p>Es posible que en alg\u00fan momento tengamos que realizar cambios en nuestra Pol\u00edtica de Privacidad para adaptarla a las leyes vigentes en cada momento. Por ello, le recomendamos que acceda a esta p\u00e1gina cada vez que vaya a remitirnos datos personales.<\/p>\n","protected":false},"excerpt":{"rendered":"<p>CONDICIONES DE USO En cumplimiento de la Ley 34\/2002, de 11 de julio, de Servicios de la Sociedad de la Informaci\u00f3n y de Comercio Electr\u00f3nico (LSSI-CE), Gabiltza Gipuzkoako Artisau Biltzarra informa que es titular del sitio web www.gabiltza.org . De acuerdo con la exigencia del art\u00edculo 10 de la citada Ley, Gabiltza Gipuzkoako Artisau Biltzarra&hellip;<\/p>\n","protected":false},"author":3,"featured_media":0,"parent":0,"menu_order":0,"comment_status":"closed","ping_status":"open","template":"","meta":[],"class_list":["post-476","page","type-page","status-publish","hentry","description-off"],"_links":{"self":[{"href":"https:\/\/www.gabiltza.org\/eu\/wp-json\/wp\/v2\/pages\/476","targetHints":{"allow":["GET"]}}],"collection":[{"href":"https:\/\/www.gabiltza.org\/eu\/wp-json\/wp\/v2\/pages"}],"about":[{"href":"https:\/\/www.gabiltza.org\/eu\/wp-json\/wp\/v2\/types\/page"}],"author":[{"embeddable":true,"href":"https:\/\/www.gabiltza.org\/eu\/wp-json\/wp\/v2\/users\/3"}],"replies":[{"embeddable":true,"href":"https:\/\/www.gabiltza.org\/eu\/wp-json\/wp\/v2\/comments?post=476"}],"version-history":[{"count":1,"href":"https:\/\/www.gabiltza.org\/eu\/wp-json\/wp\/v2\/pages\/476\/revisions"}],"predecessor-version":[{"id":477,"href":"https:\/\/www.gabiltza.org\/eu\/wp-json\/wp\/v2\/pages\/476\/revisions\/477"}],"wp:attachment":[{"href":"https:\/\/www.gabiltza.org\/eu\/wp-json\/wp\/v2\/media?parent=476"}],"curies":[{"name":"wp","href":"https:\/\/api.w.org\/{rel}","templated":true}]}}